{"id":530,"date":"2023-01-26T06:36:26","date_gmt":"2023-01-26T06:36:26","guid":{"rendered":"https:\/\/tyynisauna.com\/?page_id=530"},"modified":"2023-01-26T09:02:05","modified_gmt":"2023-01-26T09:02:05","slug":"artikkelit","status":"publish","type":"page","link":"https:\/\/tyynisauna.com\/en\/articles\/","title":{"rendered":"Articles"},"content":{"rendered":"<div data-elementor-type=\"wp-page\" data-elementor-id=\"530\" class=\"elementor elementor-530\" data-elementor-post-type=\"page\">\n\t\t\t\t<div class=\"elementor-element elementor-element-c3be24b e-con-full e-flex e-con e-parent\" data-id=\"c3be24b\" data-element_type=\"container\">\n\t\t\t\t<div class=\"elementor-element elementor-element-5fb9ff3 elementor-widget elementor-widget-heading\" data-id=\"5fb9ff3\" data-element_type=\"widget\" data-widget_type=\"heading.default\">\n\t\t\t\t<div class=\"elementor-widget-container\">\n\t\t\t<h1 class=\"elementor-heading-title elementor-size-default\">Articles<\/h1>\t\t<\/div>\n\t\t\t\t<\/div>\n\t\t\t\t<div class=\"elementor-element elementor-element-361cfd0 elementor-widget__width-initial elementor-widget elementor-widget-text-editor\" data-id=\"361cfd0\" data-element_type=\"widget\" data-widget_type=\"text-editor.default\">\n\t\t\t\t<div class=\"elementor-widget-container\">\n\t\t\t\t\t\t\t<p>Experiences from Tyynisauna.<\/p>\t\t\t\t\t\t<\/div>\n\t\t\t\t<\/div>\n\t\t\t\t<\/div>\n\t\t<div class=\"elementor-element elementor-element-90751ad e-con-full e-flex e-con e-parent\" data-id=\"90751ad\" data-element_type=\"container\">\n\t\t\t\t<div class=\"elementor-element elementor-element-7480426 elementor-widget elementor-widget-jet-listing-grid\" data-id=\"7480426\" data-element_type=\"widget\" data-settings=\"{&quot;columns&quot;:&quot;1&quot;}\" data-widget_type=\"jet-listing-grid.default\">\n\t\t\t\t<div class=\"elementor-widget-container\">\n\t\t\t<div class=\"jet-listing-grid jet-listing\"><div class=\"jet-listing-grid__items grid-col-desk-1 grid-col-tablet-1 grid-col-mobile-1 jet-listing-grid--534\" data-queried-id=\"530|WP_Post\" data-nav=\"{&quot;enabled&quot;:false,&quot;type&quot;:null,&quot;more_el&quot;:null,&quot;query&quot;:[],&quot;widget_settings&quot;:{&quot;lisitng_id&quot;:534,&quot;posts_num&quot;:6,&quot;columns&quot;:1,&quot;columns_tablet&quot;:1,&quot;columns_mobile&quot;:1,&quot;is_archive_template&quot;:&quot;&quot;,&quot;post_status&quot;:[&quot;publish&quot;],&quot;use_random_posts_num&quot;:&quot;&quot;,&quot;max_posts_num&quot;:9,&quot;not_found_message&quot;:&quot;No data was found&quot;,&quot;is_masonry&quot;:false,&quot;equal_columns_height&quot;:&quot;&quot;,&quot;use_load_more&quot;:&quot;&quot;,&quot;load_more_id&quot;:&quot;&quot;,&quot;load_more_type&quot;:&quot;click&quot;,&quot;load_more_offset&quot;:{&quot;unit&quot;:&quot;px&quot;,&quot;size&quot;:0,&quot;sizes&quot;:[]},&quot;use_custom_post_types&quot;:&quot;&quot;,&quot;custom_post_types&quot;:[],&quot;hide_widget_if&quot;:&quot;&quot;,&quot;carousel_enabled&quot;:&quot;&quot;,&quot;slides_to_scroll&quot;:&quot;1&quot;,&quot;arrows&quot;:&quot;true&quot;,&quot;arrow_icon&quot;:&quot;fa fa-angle-left&quot;,&quot;dots&quot;:&quot;&quot;,&quot;autoplay&quot;:&quot;true&quot;,&quot;pause_on_hover&quot;:&quot;true&quot;,&quot;autoplay_speed&quot;:5000,&quot;infinite&quot;:&quot;true&quot;,&quot;center_mode&quot;:&quot;&quot;,&quot;effect&quot;:&quot;slide&quot;,&quot;speed&quot;:500,&quot;inject_alternative_items&quot;:&quot;yes&quot;,&quot;injection_items&quot;:[{&quot;_id&quot;:&quot;df80e3a&quot;,&quot;item&quot;:&quot;577&quot;}],&quot;scroll_slider_enabled&quot;:&quot;&quot;,&quot;scroll_slider_on&quot;:[&quot;desktop&quot;,&quot;tablet&quot;,&quot;mobile&quot;],&quot;custom_query&quot;:false,&quot;custom_query_id&quot;:&quot;&quot;,&quot;_element_id&quot;:&quot;&quot;}}\" data-page=\"1\" data-pages=\"1\" data-listing-source=\"posts\" data-listing-id=\"534\" data-query-id=\"\"><div class=\"jet-listing-grid__item jet-listing-dynamic-post-2942\" data-post-id=\"2942\" >\t\t<div data-elementor-type=\"jet-listing-items\" data-elementor-id=\"534\" class=\"elementor elementor-534\" data-elementor-post-type=\"jet-engine\">\n\t\t\t\t<div class=\"elementor-element elementor-element-e5bbbee e-con-full equal-width e-flex e-con e-parent\" data-id=\"e5bbbee\" data-element_type=\"container\">\n\t\t<div class=\"elementor-element elementor-element-a4afdb1 e-flex e-con-boxed e-con e-parent\" data-id=\"a4afdb1\" data-element_type=\"container\">\n\t\t\t\t\t<div class=\"e-con-inner\">\n\t\t\t\t<div class=\"elementor-element elementor-element-9e23d62 elementor-widget elementor-widget-heading\" data-id=\"9e23d62\" data-element_type=\"widget\" data-widget_type=\"heading.default\">\n\t\t\t\t<div class=\"elementor-widget-container\">\n\t\t\t<h2 class=\"elementor-heading-title elementor-size-default\">Tyyni \u2013 New outdoor sauna collection for the world<\/h2>\t\t<\/div>\n\t\t\t\t<\/div>\n\t\t\t\t<div class=\"elementor-element elementor-element-5ef1985 underline elementor-widget elementor-widget-jet-listing-dynamic-link\" data-id=\"5ef1985\" data-element_type=\"widget\" data-widget_type=\"jet-listing-dynamic-link.default\">\n\t\t\t\t<div class=\"elementor-widget-container\">\n\t\t\t<div class=\"jet-listing jet-listing-dynamic-link\"><a href=\"https:\/\/tyynisauna.com\/en\/2942-autosave-v1\/\" class=\"jet-listing-dynamic-link__link\"><span class=\"jet-listing-dynamic-link__label\">Read more<\/span><\/a><\/div>\t\t<\/div>\n\t\t\t\t<\/div>\n\t\t\t\t\t<\/div>\n\t\t\t\t<\/div>\n\t\t<div class=\"elementor-element elementor-element-f2f7959 e-flex e-con-boxed e-con e-parent\" data-id=\"f2f7959\" data-element_type=\"container\">\n\t\t\t\t\t<div class=\"e-con-inner\">\n\t\t\t\t<div class=\"elementor-element elementor-element-254375a elementor-widget elementor-widget-image\" data-id=\"254375a\" data-element_type=\"widget\" data-widget_type=\"image.default\">\n\t\t\t\t<div class=\"elementor-widget-container\">\n\t\t\t\t\t\t\t\t\t\t\t\t\t<img fetchpriority=\"high\" decoding=\"async\" width=\"2000\" height=\"1333\" src=\"https:\/\/tyynisauna.com\/wp-content\/uploads\/2024\/02\/A7401750-Edit.jpg\" class=\"attachment-full size-full wp-image-2491\" alt=\"\" srcset=\"https:\/\/tyynisauna.com\/wp-content\/uploads\/2024\/02\/A7401750-Edit.jpg 2000w, https:\/\/tyynisauna.com\/wp-content\/uploads\/2024\/02\/A7401750-Edit-300x200.jpg 300w, https:\/\/tyynisauna.com\/wp-content\/uploads\/2024\/02\/A7401750-Edit-1024x682.jpg 1024w, https:\/\/tyynisauna.com\/wp-content\/uploads\/2024\/02\/A7401750-Edit-768x512.jpg 768w, https:\/\/tyynisauna.com\/wp-content\/uploads\/2024\/02\/A7401750-Edit-1536x1024.jpg 1536w, https:\/\/tyynisauna.com\/wp-content\/uploads\/2024\/02\/A7401750-Edit-18x12.jpg 18w\" sizes=\"(max-width: 2000px) 100vw, 2000px\" \/>\t\t\t\t\t\t\t\t\t\t\t\t\t<\/div>\n\t\t\t\t<\/div>\n\t\t\t\t\t<\/div>\n\t\t\t\t<\/div>\n\t\t\t\t<\/div>\n\t\t\t\t<\/div>\n\t\t<\/div><\/div><\/div>\t\t<\/div>\n\t\t\t\t<\/div>\n\t\t\t\t<\/div>\n\t\t\t\t<\/div>","protected":false},"excerpt":{"rendered":"<p>Articles Experiences from Tyynisauna. Read more Read more<\/p>","protected":false},"author":1,"featured_media":0,"parent":0,"menu_order":0,"comment_status":"closed","ping_status":"closed","template":"","meta":{"footnotes":""},"class_list":["post-530","page","type-page","status-publish","hentry"],"yoast_head":"<!-- This site is optimized with the Yoast SEO plugin v21.8.1 - https:\/\/yoast.com\/wordpress\/plugins\/seo\/ -->\n<title>Artikkelit - Tyynisauna<\/title>\n<meta name=\"robots\" content=\"index, follow, max-snippet:-1, max-image-preview:large, max-video-preview:-1\" \/>\n<link rel=\"canonical\" href=\"https:\/\/tyynisauna.com\/en\/articles\/\" \/>\n<meta property=\"og:locale\" content=\"en_GB\" \/>\n<meta property=\"og:type\" content=\"article\" \/>\n<meta property=\"og:title\" content=\"Artikkelit - Tyynisauna\" \/>\n<meta property=\"og:description\" content=\"Artikkelit Kokemuksia Tyynisaunasta. Lue lis\u00e4\u00e4 Lue lis\u00e4\u00e4\" \/>\n<meta property=\"og:url\" content=\"https:\/\/tyynisauna.com\/en\/articles\/\" \/>\n<meta property=\"og:site_name\" content=\"Tyynisauna\" \/>\n<meta property=\"article:publisher\" content=\"https:\/\/www.facebook.com\/profile.php?id=100088980657642\" \/>\n<meta property=\"article:modified_time\" content=\"2023-01-26T09:02:05+00:00\" \/>\n<meta name=\"twitter:card\" content=\"summary_large_image\" \/>\n<script type=\"application\/ld+json\" class=\"yoast-schema-graph\">{\"@context\":\"https:\/\/schema.org\",\"@graph\":[{\"@type\":\"WebPage\",\"@id\":\"https:\/\/tyynisauna.com\/artikkelit\/\",\"url\":\"https:\/\/tyynisauna.com\/artikkelit\/\",\"name\":\"Artikkelit - Tyynisauna\",\"isPartOf\":{\"@id\":\"https:\/\/tyynisauna.com\/#website\"},\"datePublished\":\"2023-01-26T06:36:26+00:00\",\"dateModified\":\"2023-01-26T09:02:05+00:00\",\"breadcrumb\":{\"@id\":\"https:\/\/tyynisauna.com\/artikkelit\/#breadcrumb\"},\"inLanguage\":\"en-GB\",\"potentialAction\":[{\"@type\":\"ReadAction\",\"target\":[\"https:\/\/tyynisauna.com\/artikkelit\/\"]}]},{\"@type\":\"BreadcrumbList\",\"@id\":\"https:\/\/tyynisauna.com\/artikkelit\/#breadcrumb\",\"itemListElement\":[{\"@type\":\"ListItem\",\"position\":1,\"name\":\"Etusivu\",\"item\":\"https:\/\/tyynisauna.com\/\"},{\"@type\":\"ListItem\",\"position\":2,\"name\":\"Artikkelit\"}]},{\"@type\":\"WebSite\",\"@id\":\"https:\/\/tyynisauna.com\/#website\",\"url\":\"https:\/\/tyynisauna.com\/\",\"name\":\"Tyynisauna\",\"description\":\"\",\"publisher\":{\"@id\":\"https:\/\/tyynisauna.com\/#organization\"},\"potentialAction\":[{\"@type\":\"SearchAction\",\"target\":{\"@type\":\"EntryPoint\",\"urlTemplate\":\"https:\/\/tyynisauna.com\/?s={search_term_string}\"},\"query-input\":\"required name=search_term_string\"}],\"inLanguage\":\"en-GB\"},{\"@type\":\"Organization\",\"@id\":\"https:\/\/tyynisauna.com\/#organization\",\"name\":\"Tyynisauna\",\"url\":\"https:\/\/tyynisauna.com\/\",\"logo\":{\"@type\":\"ImageObject\",\"inLanguage\":\"en-GB\",\"@id\":\"https:\/\/tyynisauna.com\/#\/schema\/logo\/image\/\",\"url\":\"https:\/\/tyynisauna.com\/wp-content\/uploads\/2023\/01\/TYYNI_SYGNET_black_bez-tla.png\",\"contentUrl\":\"https:\/\/tyynisauna.com\/wp-content\/uploads\/2023\/01\/TYYNI_SYGNET_black_bez-tla.png\",\"width\":502,\"height\":502,\"caption\":\"Tyynisauna\"},\"image\":{\"@id\":\"https:\/\/tyynisauna.com\/#\/schema\/logo\/image\/\"},\"sameAs\":[\"https:\/\/www.facebook.com\/profile.php?id=100088980657642\",\"https:\/\/www.instagram.com\/tyynisauna\/\"]}]}<\/script>\n<!-- \/ Yoast SEO plugin. -->","yoast_head_json":{"title":"Artikkelit - Tyynisauna","robots":{"index":"index","follow":"follow","max-snippet":"max-snippet:-1","max-image-preview":"max-image-preview:large","max-video-preview":"max-video-preview:-1"},"canonical":"https:\/\/tyynisauna.com\/en\/articles\/","og_locale":"en_GB","og_type":"article","og_title":"Artikkelit - Tyynisauna","og_description":"Artikkelit Kokemuksia Tyynisaunasta. Lue lis\u00e4\u00e4 Lue lis\u00e4\u00e4","og_url":"https:\/\/tyynisauna.com\/en\/articles\/","og_site_name":"Tyynisauna","article_publisher":"https:\/\/www.facebook.com\/profile.php?id=100088980657642","article_modified_time":"2023-01-26T09:02:05+00:00","twitter_card":"summary_large_image","schema":{"@context":"https:\/\/schema.org","@graph":[{"@type":"WebPage","@id":"https:\/\/tyynisauna.com\/artikkelit\/","url":"https:\/\/tyynisauna.com\/artikkelit\/","name":"Artikkelit - Tyynisauna","isPartOf":{"@id":"https:\/\/tyynisauna.com\/#website"},"datePublished":"2023-01-26T06:36:26+00:00","dateModified":"2023-01-26T09:02:05+00:00","breadcrumb":{"@id":"https:\/\/tyynisauna.com\/artikkelit\/#breadcrumb"},"inLanguage":"en-GB","potentialAction":[{"@type":"ReadAction","target":["https:\/\/tyynisauna.com\/artikkelit\/"]}]},{"@type":"BreadcrumbList","@id":"https:\/\/tyynisauna.com\/artikkelit\/#breadcrumb","itemListElement":[{"@type":"ListItem","position":1,"name":"Etusivu","item":"https:\/\/tyynisauna.com\/"},{"@type":"ListItem","position":2,"name":"Artikkelit"}]},{"@type":"WebSite","@id":"https:\/\/tyynisauna.com\/#website","url":"https:\/\/tyynisauna.com\/","name":"Tyynisauna","description":"","publisher":{"@id":"https:\/\/tyynisauna.com\/#organization"},"potentialAction":[{"@type":"SearchAction","target":{"@type":"EntryPoint","urlTemplate":"https:\/\/tyynisauna.com\/?s={search_term_string}"},"query-input":"required name=search_term_string"}],"inLanguage":"en-GB"},{"@type":"Organization","@id":"https:\/\/tyynisauna.com\/#organization","name":"Tyynisauna","url":"https:\/\/tyynisauna.com\/","logo":{"@type":"ImageObject","inLanguage":"en-GB","@id":"https:\/\/tyynisauna.com\/#\/schema\/logo\/image\/","url":"https:\/\/tyynisauna.com\/wp-content\/uploads\/2023\/01\/TYYNI_SYGNET_black_bez-tla.png","contentUrl":"https:\/\/tyynisauna.com\/wp-content\/uploads\/2023\/01\/TYYNI_SYGNET_black_bez-tla.png","width":502,"height":502,"caption":"Tyynisauna"},"image":{"@id":"https:\/\/tyynisauna.com\/#\/schema\/logo\/image\/"},"sameAs":["https:\/\/www.facebook.com\/profile.php?id=100088980657642","https:\/\/www.instagram.com\/tyynisauna\/"]}]}},"_links":{"self":[{"href":"https:\/\/tyynisauna.com\/en\/wp-json\/wp\/v2\/pages\/530","targetHints":{"allow":["GET"]}}],"collection":[{"href":"https:\/\/tyynisauna.com\/en\/wp-json\/wp\/v2\/pages"}],"about":[{"href":"https:\/\/tyynisauna.com\/en\/wp-json\/wp\/v2\/types\/page"}],"author":[{"embeddable":true,"href":"https:\/\/tyynisauna.com\/en\/wp-json\/wp\/v2\/users\/1"}],"replies":[{"embeddable":true,"href":"https:\/\/tyynisauna.com\/en\/wp-json\/wp\/v2\/comments?post=530"}],"version-history":[{"count":16,"href":"https:\/\/tyynisauna.com\/en\/wp-json\/wp\/v2\/pages\/530\/revisions"}],"predecessor-version":[{"id":593,"href":"https:\/\/tyynisauna.com\/en\/wp-json\/wp\/v2\/pages\/530\/revisions\/593"}],"wp:attachment":[{"href":"https:\/\/tyynisauna.com\/en\/wp-json\/wp\/v2\/media?parent=530"}],"curies":[{"name":"wp","href":"https:\/\/api.w.org\/{rel}","templated":true}]}}