{"id":303,"date":"2023-01-20T07:33:41","date_gmt":"2023-01-20T07:33:41","guid":{"rendered":"https:\/\/tyynisauna.com\/?page_id=303"},"modified":"2025-09-04T10:04:11","modified_gmt":"2025-09-04T07:04:11","slug":"yhteydenotto","status":"publish","type":"page","link":"https:\/\/tyynisauna.com\/de\/kontakt\/","title":{"rendered":"Kontakt"},"content":{"rendered":"<div data-elementor-type=\"wp-page\" data-elementor-id=\"303\" class=\"elementor elementor-303\" data-elementor-post-type=\"page\">\n\t\t\t\t<div class=\"elementor-element elementor-element-cf21acb e-con-full e-flex e-con e-parent\" data-id=\"cf21acb\" data-element_type=\"container\">\n\t\t\t\t<div class=\"elementor-element elementor-element-1241ed4 elementor-widget elementor-widget-heading\" data-id=\"1241ed4\" data-element_type=\"widget\" data-widget_type=\"heading.default\">\n\t\t\t\t<div class=\"elementor-widget-container\">\n\t\t\t<h1 class=\"elementor-heading-title elementor-size-default\">Kontakt \/ Ein Angebot anfordern<\/h1>\t\t<\/div>\n\t\t\t\t<\/div>\n\t\t\t\t<div class=\"elementor-element elementor-element-29feef0 elementor-widget__width-initial elementor-widget elementor-widget-text-editor\" data-id=\"29feef0\" data-element_type=\"widget\" data-widget_type=\"text-editor.default\">\n\t\t\t\t<div class=\"elementor-widget-container\">\n\t\t\t\t\t\t\t<p>Kontaktieren Sie uns, wenn Sie mehr \u00fcber Tyyni Saunen erfahren m\u00f6chten.<\/p>\t\t\t\t\t\t<\/div>\n\t\t\t\t<\/div>\n\t\t<div class=\"elementor-element elementor-element-fe96fac e-flex e-con-boxed e-con e-child\" data-id=\"fe96fac\" data-element_type=\"container\">\n\t\t\t\t\t<div class=\"e-con-inner\">\n\t\t<div class=\"elementor-element elementor-element-8d7e2ab e-flex e-con-boxed e-con e-child\" data-id=\"8d7e2ab\" data-element_type=\"container\">\n\t\t\t\t\t<div class=\"e-con-inner\">\n\t\t\t\t<div class=\"elementor-element elementor-element-38e710a elementor-widget elementor-widget-heading\" data-id=\"38e710a\" data-element_type=\"widget\" data-widget_type=\"heading.default\">\n\t\t\t\t<div class=\"elementor-widget-container\">\n\t\t\t<h2 class=\"elementor-heading-title elementor-size-default\">Eurooppa<\/h2>\t\t<\/div>\n\t\t\t\t<\/div>\n\t\t\t\t<div class=\"elementor-element elementor-element-3e472c5 elementor-widget__width-initial elementor-widget elementor-widget-text-editor\" data-id=\"3e472c5\" data-element_type=\"widget\" data-widget_type=\"text-editor.default\">\n\t\t\t\t<div class=\"elementor-widget-container\">\n\t\t\t\t\t\t\t<p>Piotr Gniewek<br \/><a href=\"mailto:piotr@tyynisauna.eu\">piotr@tyynisauna.eu<\/a><br \/><a href=\"tel: 48798913755\">+48 798 913 755<\/a><\/p>\t\t\t\t\t\t<\/div>\n\t\t\t\t<\/div>\n\t\t\t\t\t<\/div>\n\t\t\t\t<\/div>\n\t\t<div class=\"elementor-element elementor-element-ca9fce8 e-flex e-con-boxed e-con e-child\" data-id=\"ca9fce8\" data-element_type=\"container\">\n\t\t\t\t\t<div class=\"e-con-inner\">\n\t\t\t\t<div class=\"elementor-element elementor-element-c222e6b elementor-widget elementor-widget-heading\" data-id=\"c222e6b\" data-element_type=\"widget\" data-widget_type=\"heading.default\">\n\t\t\t\t<div class=\"elementor-widget-container\">\n\t\t\t<h2 class=\"elementor-heading-title elementor-size-default\">Vereinigte Staaten<\/h2>\t\t<\/div>\n\t\t\t\t<\/div>\n\t\t\t\t<div class=\"elementor-element elementor-element-0da5512 elementor-widget__width-initial elementor-widget elementor-widget-text-editor\" data-id=\"0da5512\" data-element_type=\"widget\" data-widget_type=\"text-editor.default\">\n\t\t\t\t<div class=\"elementor-widget-container\">\n\t\t\t\t\t\t\t<p>Paul Elliott<br \/><a href=\"mailto:paul@tyynisauna.us\">paul@tyynisauna.us<\/a><br \/><a href=\"tel: 1 970 457 6888\">+1 970 457 6888<\/a><\/p>\t\t\t\t\t\t<\/div>\n\t\t\t\t<\/div>\n\t\t\t\t\t<\/div>\n\t\t\t\t<\/div>\n\t\t\t\t\t<\/div>\n\t\t\t\t<\/div>\n\t\t\t\t<\/div>\n\t\t<div class=\"elementor-element elementor-element-bdbe107 e-con-full e-flex e-con e-parent\" data-id=\"bdbe107\" data-element_type=\"container\">\n\t\t<div class=\"elementor-element elementor-element-9f058ed e-flex e-con-boxed e-con e-child\" data-id=\"9f058ed\" data-element_type=\"container\" data-settings=\"{&quot;background_background&quot;:&quot;classic&quot;}\">\n\t\t\t\t\t<div class=\"e-con-inner\">\n\t\t\t\t<div class=\"elementor-element elementor-element-8ff9535 elementor-button-align-stretch elementor-widget elementor-widget-form\" data-id=\"8ff9535\" data-element_type=\"widget\" data-settings=\"{&quot;step_next_label&quot;:&quot;Next&quot;,&quot;step_previous_label&quot;:&quot;Previous&quot;,&quot;button_width&quot;:&quot;100&quot;,&quot;step_type&quot;:&quot;number_text&quot;,&quot;step_icon_shape&quot;:&quot;circle&quot;}\" data-widget_type=\"form.default\">\n\t\t\t\t<div class=\"elementor-widget-container\">\n\t\t\t\t\t<form class=\"elementor-form\" method=\"post\" name=\"Yhteydenotto\" action=\"\">\n\t\t\t<input type=\"hidden\" name=\"post_id\" value=\"303\"\/>\n\t\t\t<input type=\"hidden\" name=\"form_id\" value=\"8ff9535\"\/>\n\t\t\t<input type=\"hidden\" name=\"referer_title\" value=\"Tyynisauna\" \/>\n\n\t\t\t\n\t\t\t<div class=\"elementor-form-fields-wrapper elementor-labels-\">\n\t\t\t\t\t\t\t\t<div class=\"elementor-field-type-radio elementor-field-group elementor-column elementor-field-group-region elementor-col-100 elementor-field-required\">\n\t\t\t\t\t\t\t\t\t\t\t\t<label for=\"form-field-region\" class=\"elementor-field-label elementor-screen-only\">\n\t\t\t\t\t\t\t\tBereich\t\t\t\t\t\t\t<\/label>\n\t\t\t\t\t\t<div class=\"elementor-field-subgroup  elementor-subgroup-inline\"><span class=\"elementor-field-option\"><input type=\"radio\" value=\"piotr@tyynisauna.eu\" id=\"form-field-region-0\" name=\"form_fields[region]\" required=\"required\" aria-required=\"true\"> <label for=\"form-field-region-0\">Eurooppa<\/label><\/span><span class=\"elementor-field-option\"><input type=\"radio\" value=\"paul@tyynisauna.us\" id=\"form-field-region-1\" name=\"form_fields[region]\" required=\"required\" aria-required=\"true\"> <label for=\"form-field-region-1\">Vereinigte Staaten<\/label><\/span><\/div>\t\t\t\t<\/div>\n\t\t\t\t\t\t\t\t<div class=\"elementor-field-type-text elementor-field-group elementor-column elementor-field-group-name elementor-col-100 elementor-field-required\">\n\t\t\t\t\t\t\t\t\t\t\t\t<label for=\"form-field-name\" class=\"elementor-field-label elementor-screen-only\">\n\t\t\t\t\t\t\t\tName\t\t\t\t\t\t\t<\/label>\n\t\t\t\t\t\t\t\t\t\t\t\t\t\t<input size=\"1\" type=\"text\" name=\"form_fields[name]\" id=\"form-field-name\" class=\"elementor-field elementor-size-sm  elementor-field-textual\" placeholder=\"Name\" required=\"required\" aria-required=\"true\">\n\t\t\t\t\t\t\t\t\t\t\t<\/div>\n\t\t\t\t\t\t\t\t<div class=\"elementor-field-type-text elementor-field-group elementor-column elementor-field-group-field_76593e8 elementor-col-100\">\n\t\t\t\t\t\t\t\t\t\t\t\t<label for=\"form-field-field_76593e8\" class=\"elementor-field-label elementor-screen-only\">\n\t\t\t\t\t\t\t\tTelefonnummer\t\t\t\t\t\t\t<\/label>\n\t\t\t\t\t\t\t\t\t\t\t\t\t\t<input size=\"1\" type=\"text\" name=\"form_fields[field_76593e8]\" id=\"form-field-field_76593e8\" class=\"elementor-field elementor-size-sm  elementor-field-textual\" placeholder=\"Telefonnummer\">\n\t\t\t\t\t\t\t\t\t\t\t<\/div>\n\t\t\t\t\t\t\t\t<div class=\"elementor-field-type-email elementor-field-group elementor-column elementor-field-group-email elementor-col-100 elementor-field-required\">\n\t\t\t\t\t\t\t\t\t\t\t\t<label for=\"form-field-email\" class=\"elementor-field-label elementor-screen-only\">\n\t\t\t\t\t\t\t\tE-Mail-Adresse\t\t\t\t\t\t\t<\/label>\n\t\t\t\t\t\t\t\t\t\t\t\t\t\t<input size=\"1\" type=\"email\" name=\"form_fields[email]\" id=\"form-field-email\" class=\"elementor-field elementor-size-sm  elementor-field-textual\" placeholder=\"E-Mail-Adresse\" required=\"required\" aria-required=\"true\">\n\t\t\t\t\t\t\t\t\t\t\t<\/div>\n\t\t\t\t\t\t\t\t<div class=\"elementor-field-type-textarea elementor-field-group elementor-column elementor-field-group-message elementor-col-100\">\n\t\t\t\t\t\t\t\t\t\t\t\t<label for=\"form-field-message\" class=\"elementor-field-label elementor-screen-only\">\n\t\t\t\t\t\t\t\tNachricht\t\t\t\t\t\t\t<\/label>\n\t\t\t\t\t\t<textarea class=\"elementor-field-textual elementor-field  elementor-size-sm\" name=\"form_fields[message]\" id=\"form-field-message\" rows=\"4\" placeholder=\"Nachricht\"><\/textarea>\t\t\t\t<\/div>\n\t\t\t\t\t\t\t\t<div class=\"elementor-field-type-acceptance elementor-field-group elementor-column elementor-field-group-field_e86a62d elementor-col-100\">\n\t\t\t\t\t\t\t\t\t\t\t\t<label for=\"form-field-field_e86a62d\" class=\"elementor-field-label elementor-screen-only\">\n\t\t\t\t\t\t\t\tNewsletter\t\t\t\t\t\t\t<\/label>\n\t\t\t\t\t\t\t\t<div class=\"elementor-field-subgroup\">\n\t\t\t<span class=\"elementor-field-option\">\n\t\t\t\t<input type=\"checkbox\" name=\"form_fields[field_e86a62d]\" id=\"form-field-field_e86a62d\" class=\"elementor-field elementor-size-sm  elementor-acceptance-field\">\n\t\t\t\t<label for=\"form-field-field_e86a62d\">Ich abonniere den Newsletter<\/label>\t\t\t<\/span>\n\t\t<\/div>\n\t\t\t\t\t\t<\/div>\n\t\t\t\t\t\t\t\t<div class=\"elementor-field-type-recaptcha_v3 elementor-field-group elementor-column elementor-field-group-field_0d5ea8c elementor-col-100 recaptcha_v3-bottomright\">\n\t\t\t\t\t<div class=\"elementor-field\" id=\"form-field-field_0d5ea8c\"><div class=\"elementor-g-recaptcha\" data-sitekey=\"6Lc1RGUpAAAAAP7QmnGY01cnWefhBl3cvXmVpJuM\" data-type=\"v3\" data-action=\"Form\" data-badge=\"bottomright\" data-size=\"invisible\"><\/div><\/div>\t\t\t\t<\/div>\n\t\t\t\t\t\t\t\t<div class=\"elementor-field-group elementor-column elementor-field-type-submit elementor-col-100 e-form__buttons\">\n\t\t\t\t\t<button class=\"elementor-button elementor-size-sm\" type=\"submit\">\n\t\t\t\t\t\t<span class=\"elementor-button-content-wrapper\">\n\t\t\t\t\t\t\t\t\t\t\t\t\t\t\t\t\t\t\t\t\t\t<span class=\"elementor-button-text\">Senden<\/span>\n\t\t\t\t\t\t\t\t\t\t\t\t\t<\/span>\n\t\t\t\t\t<\/button>\n\t\t\t\t<\/div>\n\t\t\t<\/div>\n\t\t<input type=\"hidden\" name=\"trp-form-language\" value=\"de\"\/><\/form>\n\t\t\t\t<\/div>\n\t\t\t\t<\/div>\n\t\t\t\t\t<\/div>\n\t\t\t\t<\/div>\n\t\t\t\t<\/div>\n\t\t\t\t<\/div>","protected":false},"excerpt":{"rendered":"<p>Ota yhteytt\u00e4 \/ Pyyd\u00e4 tarjous Ota yhteytt\u00e4, jos haluat kuulla lis\u00e4\u00e4 Tyyni-mallistosta. Eurooppa Piotr Gniewekpiotr@tyynisauna.eu+48 798 913 755 Yhdysvallat Paul Elliottpaul@tyynisauna.us+1 970 457 6888<\/p>","protected":false},"author":1,"featured_media":0,"parent":0,"menu_order":0,"comment_status":"closed","ping_status":"closed","template":"elementor_header_footer","meta":{"footnotes":""},"class_list":["post-303","page","type-page","status-publish","hentry"],"yoast_head":"<!-- This site is optimized with the Yoast SEO plugin v21.8.1 - https:\/\/yoast.com\/wordpress\/plugins\/seo\/ -->\n<title>Yhteydenotto - Tyynisauna<\/title>\n<meta name=\"robots\" content=\"index, follow, max-snippet:-1, max-image-preview:large, max-video-preview:-1\" \/>\n<link rel=\"canonical\" href=\"https:\/\/tyynisauna.com\/de\/contact\/\" \/>\n<meta property=\"og:locale\" content=\"de_DE\" \/>\n<meta property=\"og:type\" content=\"article\" \/>\n<meta property=\"og:title\" content=\"Yhteydenotto - Tyynisauna\" \/>\n<meta property=\"og:description\" content=\"Ota yhteytt\u00e4 \/ Pyyd\u00e4 tarjous Ota yhteytt\u00e4, jos haluat kuulla lis\u00e4\u00e4 Tyyni-mallistosta. Eurooppa Piotr Gniewekpiotr@tyynisauna.eu+48 798 913 755 Yhdysvallat Paul Elliottpaul@tyynisauna.us+1 970 457 6888\" \/>\n<meta property=\"og:url\" content=\"https:\/\/tyynisauna.com\/de\/contact\/\" \/>\n<meta property=\"og:site_name\" content=\"Tyynisauna\" \/>\n<meta property=\"article:publisher\" content=\"https:\/\/www.facebook.com\/profile.php?id=100088980657642\" \/>\n<meta property=\"article:modified_time\" content=\"2025-09-04T07:04:11+00:00\" \/>\n<meta name=\"twitter:card\" content=\"summary_large_image\" \/>\n<meta name=\"twitter:label1\" content=\"Gesch\u00e4tzte Lesezeit\" \/>\n\t<meta name=\"twitter:data1\" content=\"1\u00a0Minute\" \/>\n<script type=\"application\/ld+json\" class=\"yoast-schema-graph\">{\"@context\":\"https:\/\/schema.org\",\"@graph\":[{\"@type\":\"WebPage\",\"@id\":\"https:\/\/tyynisauna.com\/contact\/\",\"url\":\"https:\/\/tyynisauna.com\/contact\/\",\"name\":\"Yhteydenotto - Tyynisauna\",\"isPartOf\":{\"@id\":\"https:\/\/tyynisauna.com\/#website\"},\"datePublished\":\"2023-01-20T07:33:41+00:00\",\"dateModified\":\"2025-09-04T07:04:11+00:00\",\"breadcrumb\":{\"@id\":\"https:\/\/tyynisauna.com\/contact\/#breadcrumb\"},\"inLanguage\":\"de\",\"potentialAction\":[{\"@type\":\"ReadAction\",\"target\":[\"https:\/\/tyynisauna.com\/contact\/\"]}]},{\"@type\":\"BreadcrumbList\",\"@id\":\"https:\/\/tyynisauna.com\/contact\/#breadcrumb\",\"itemListElement\":[{\"@type\":\"ListItem\",\"position\":1,\"name\":\"Etusivu\",\"item\":\"https:\/\/tyynisauna.com\/\"},{\"@type\":\"ListItem\",\"position\":2,\"name\":\"Yhteydenotto\"}]},{\"@type\":\"WebSite\",\"@id\":\"https:\/\/tyynisauna.com\/#website\",\"url\":\"https:\/\/tyynisauna.com\/\",\"name\":\"Tyynisauna\",\"description\":\"\",\"publisher\":{\"@id\":\"https:\/\/tyynisauna.com\/#organization\"},\"potentialAction\":[{\"@type\":\"SearchAction\",\"target\":{\"@type\":\"EntryPoint\",\"urlTemplate\":\"https:\/\/tyynisauna.com\/?s={search_term_string}\"},\"query-input\":\"required name=search_term_string\"}],\"inLanguage\":\"de\"},{\"@type\":\"Organization\",\"@id\":\"https:\/\/tyynisauna.com\/#organization\",\"name\":\"Tyynisauna\",\"url\":\"https:\/\/tyynisauna.com\/\",\"logo\":{\"@type\":\"ImageObject\",\"inLanguage\":\"de\",\"@id\":\"https:\/\/tyynisauna.com\/#\/schema\/logo\/image\/\",\"url\":\"https:\/\/tyynisauna.com\/wp-content\/uploads\/2023\/01\/TYYNI_SYGNET_black_bez-tla.png\",\"contentUrl\":\"https:\/\/tyynisauna.com\/wp-content\/uploads\/2023\/01\/TYYNI_SYGNET_black_bez-tla.png\",\"width\":502,\"height\":502,\"caption\":\"Tyynisauna\"},\"image\":{\"@id\":\"https:\/\/tyynisauna.com\/#\/schema\/logo\/image\/\"},\"sameAs\":[\"https:\/\/www.facebook.com\/profile.php?id=100088980657642\",\"https:\/\/www.instagram.com\/tyynisauna\/\"]}]}<\/script>\n<!-- \/ Yoast SEO plugin. -->","yoast_head_json":{"title":"Yhteydenotto - Tyynisauna","robots":{"index":"index","follow":"follow","max-snippet":"max-snippet:-1","max-image-preview":"max-image-preview:large","max-video-preview":"max-video-preview:-1"},"canonical":"https:\/\/tyynisauna.com\/de\/contact\/","og_locale":"de_DE","og_type":"article","og_title":"Yhteydenotto - Tyynisauna","og_description":"Ota yhteytt\u00e4 \/ Pyyd\u00e4 tarjous Ota yhteytt\u00e4, jos haluat kuulla lis\u00e4\u00e4 Tyyni-mallistosta. Eurooppa Piotr Gniewekpiotr@tyynisauna.eu+48 798 913 755 Yhdysvallat Paul Elliottpaul@tyynisauna.us+1 970 457 6888","og_url":"https:\/\/tyynisauna.com\/de\/contact\/","og_site_name":"Tyynisauna","article_publisher":"https:\/\/www.facebook.com\/profile.php?id=100088980657642","article_modified_time":"2025-09-04T07:04:11+00:00","twitter_card":"summary_large_image","twitter_misc":{"Gesch\u00e4tzte Lesezeit":"1\u00a0Minute"},"schema":{"@context":"https:\/\/schema.org","@graph":[{"@type":"WebPage","@id":"https:\/\/tyynisauna.com\/contact\/","url":"https:\/\/tyynisauna.com\/contact\/","name":"Yhteydenotto - Tyynisauna","isPartOf":{"@id":"https:\/\/tyynisauna.com\/#website"},"datePublished":"2023-01-20T07:33:41+00:00","dateModified":"2025-09-04T07:04:11+00:00","breadcrumb":{"@id":"https:\/\/tyynisauna.com\/contact\/#breadcrumb"},"inLanguage":"de","potentialAction":[{"@type":"ReadAction","target":["https:\/\/tyynisauna.com\/contact\/"]}]},{"@type":"BreadcrumbList","@id":"https:\/\/tyynisauna.com\/contact\/#breadcrumb","itemListElement":[{"@type":"ListItem","position":1,"name":"Etusivu","item":"https:\/\/tyynisauna.com\/"},{"@type":"ListItem","position":2,"name":"Yhteydenotto"}]},{"@type":"WebSite","@id":"https:\/\/tyynisauna.com\/#website","url":"https:\/\/tyynisauna.com\/","name":"Tyynisauna","description":"","publisher":{"@id":"https:\/\/tyynisauna.com\/#organization"},"potentialAction":[{"@type":"SearchAction","target":{"@type":"EntryPoint","urlTemplate":"https:\/\/tyynisauna.com\/?s={search_term_string}"},"query-input":"required name=search_term_string"}],"inLanguage":"de"},{"@type":"Organization","@id":"https:\/\/tyynisauna.com\/#organization","name":"Tyynisauna","url":"https:\/\/tyynisauna.com\/","logo":{"@type":"ImageObject","inLanguage":"de","@id":"https:\/\/tyynisauna.com\/#\/schema\/logo\/image\/","url":"https:\/\/tyynisauna.com\/wp-content\/uploads\/2023\/01\/TYYNI_SYGNET_black_bez-tla.png","contentUrl":"https:\/\/tyynisauna.com\/wp-content\/uploads\/2023\/01\/TYYNI_SYGNET_black_bez-tla.png","width":502,"height":502,"caption":"Tyynisauna"},"image":{"@id":"https:\/\/tyynisauna.com\/#\/schema\/logo\/image\/"},"sameAs":["https:\/\/www.facebook.com\/profile.php?id=100088980657642","https:\/\/www.instagram.com\/tyynisauna\/"]}]}},"_links":{"self":[{"href":"https:\/\/tyynisauna.com\/de\/wp-json\/wp\/v2\/pages\/303","targetHints":{"allow":["GET"]}}],"collection":[{"href":"https:\/\/tyynisauna.com\/de\/wp-json\/wp\/v2\/pages"}],"about":[{"href":"https:\/\/tyynisauna.com\/de\/wp-json\/wp\/v2\/types\/page"}],"author":[{"embeddable":true,"href":"https:\/\/tyynisauna.com\/de\/wp-json\/wp\/v2\/users\/1"}],"replies":[{"embeddable":true,"href":"https:\/\/tyynisauna.com\/de\/wp-json\/wp\/v2\/comments?post=303"}],"version-history":[{"count":127,"href":"https:\/\/tyynisauna.com\/de\/wp-json\/wp\/v2\/pages\/303\/revisions"}],"predecessor-version":[{"id":2953,"href":"https:\/\/tyynisauna.com\/de\/wp-json\/wp\/v2\/pages\/303\/revisions\/2953"}],"wp:attachment":[{"href":"https:\/\/tyynisauna.com\/de\/wp-json\/wp\/v2\/media?parent=303"}],"curies":[{"name":"wp","href":"https:\/\/api.w.org\/{rel}","templated":true}]}}